{"id":1392,"date":"2024-03-14T12:31:12","date_gmt":"2024-03-14T12:31:12","guid":{"rendered":"https:\/\/play--slots.com\/?page_id=1392"},"modified":"2024-06-05T13:39:22","modified_gmt":"2024-06-05T13:39:22","slug":"contact-us","status":"publish","type":"page","link":"https:\/\/play--slots.com\/pt\/contact-us\/","title":{"rendered":"Contate-nos"},"content":{"rendered":"<div class=\"ba4b96ace4c36a683c2ee53617219f48\" data-index=\"1\" style=\"float: none; margin:10px 0 10px 0; text-align:center;\">\n<center>        <div class=\"custom-play-button\">\r\n            <b><a href=\"https:\/\/play--slots.com\/play-game\/\" rel=\"nofollow\" target=\"_blank\">Jogue o jogo agora<\/a><\/b>\r\n        <\/div>\r\n<\/center>\n<\/div>\n<h1>Contate-nos<\/h1>\n<p><img loading=\"lazy\" decoding=\"async\" class=\"alignnone size-full wp-image-3263\" title=\"Contate-nos\" src=\"https:\/\/play--slots.com\/wp-content\/uploads\/contact.webp\" alt=\"Contate-nos\" width=\"800\" height=\"450\" srcset=\"https:\/\/play--slots.com\/wp-content\/uploads\/contact.webp 800w, https:\/\/play--slots.com\/wp-content\/uploads\/contact-300x169.webp 300w, https:\/\/play--slots.com\/wp-content\/uploads\/contact-768x432.webp 768w\" sizes=\"auto, (max-width: 800px) 100vw, 800px\" \/><\/p>\n<p>Caros jogadores e leitores,<br \/>\nTemos o prazer de receb\u00ea-lo em nosso site! Se tiver alguma d\u00favida, sugest\u00e3o ou feedback, sinta-se \u00e0 vontade para nos contatar. Estamos sempre prontos para ouvi-lo e responder a quaisquer perguntas. Sua opini\u00e3o \u00e9 muito importante para n\u00f3s e nos esfor\u00e7amos para tornar sua experi\u00eancia em nosso site o mais agrad\u00e1vel e valiosa poss\u00edvel.<\/p>\n\n<div class=\"wpcf7 no-js\" id=\"wpcf7-f1393-o1\" lang=\"en-US\" dir=\"ltr\" data-wpcf7-id=\"1393\">\n<div class=\"screen-reader-response\"><p role=\"status\" aria-live=\"polite\" aria-atomic=\"true\"><\/p> <ul><\/ul><\/div>\n<form action=\"\/pt\/wp-json\/wp\/v2\/pages\/1392#wpcf7-f1393-o1\" method=\"post\" class=\"wpcf7-form init\" aria-label=\"Formul\u00e1rio de contato\" novalidate=\"novalidate\" data-status=\"init\" data-trp-original-action=\"\/pt\/wp-json\/wp\/v2\/pages\/1392#wpcf7-f1393-o1\">\n<div style=\"display: none;\">\n<input type=\"hidden\" name=\"_wpcf7\" value=\"1393\" \/>\n<input type=\"hidden\" name=\"_wpcf7_version\" value=\"6.0\" \/>\n<input type=\"hidden\" name=\"_wpcf7_locale\" value=\"en_US\" \/>\n<input type=\"hidden\" name=\"_wpcf7_unit_tag\" value=\"wpcf7-f1393-o1\" \/>\n<input type=\"hidden\" name=\"_wpcf7_container_post\" value=\"0\" \/>\n<input type=\"hidden\" name=\"_wpcf7_posted_data_hash\" value=\"\" \/>\n<\/div>\n<p><label> Seu nome<br \/>\n<span class=\"wpcf7-form-control-wrap\" data-name=\"your-name\"><input size=\"40\" maxlength=\"400\" class=\"wpcf7-form-control wpcf7-text wpcf7-validates-as-required\" autocomplete=\"name\" aria-required=\"true\" aria-invalid=\"false\" value=\"\" type=\"text\" name=\"your-name\" \/><\/span> <\/label>\n<\/p>\n<p><label> Seu e-mail<br \/>\n<span class=\"wpcf7-form-control-wrap\" data-name=\"your-email\"><input size=\"40\" maxlength=\"400\" class=\"wpcf7-form-control wpcf7-email wpcf7-validates-as-required wpcf7-text wpcf7-validates-as-email\" autocomplete=\"email\" aria-required=\"true\" aria-invalid=\"false\" value=\"\" type=\"email\" name=\"your-email\" \/><\/span> <\/label>\n<\/p>\n<p><label> Assunto<br \/>\n<span class=\"wpcf7-form-control-wrap\" data-name=\"your-subject\"><input size=\"40\" maxlength=\"400\" class=\"wpcf7-form-control wpcf7-text wpcf7-validates-as-required\" aria-required=\"true\" aria-invalid=\"false\" value=\"\" type=\"text\" name=\"your-subject\" \/><\/span> <\/label>\n<\/p>\n<p><label> Sua mensagem (opcional)<br \/>\n<span class=\"wpcf7-form-control-wrap\" data-name=\"your-message\"><textarea cols=\"40\" rows=\"10\" maxlength=\"2000\" class=\"wpcf7-form-control wpcf7-textarea\" aria-invalid=\"false\" name=\"your-message\"><\/textarea><\/span> <\/label>\n<\/p>\n<p><input class=\"wpcf7-form-control wpcf7-submit has-spinner\" type=\"submit\" value=\"Enviar\" \/>\n<\/p><div class=\"wpcf7-response-output\" aria-hidden=\"true\"><\/div>\n<input type=\"hidden\" name=\"trp-form-language\" value=\"pt\"\/><\/form>\n<\/div>\n\n<div class=\"ba4b96ace4c36a683c2ee53617219f48\" data-index=\"1\" style=\"float: none; margin:10px 0 10px 0; text-align:center;\">\n<center>        <div class=\"custom-play-button\">\r\n            <b><a href=\"https:\/\/play--slots.com\/play-game\/\" rel=\"nofollow\" target=\"_blank\">Jogue o jogo agora<\/a><\/b>\r\n        <\/div>\r\n<\/center>\n<\/div>\n\n<div style=\"font-size: 0px; height: 0px; line-height: 0px; margin: 0; padding: 0; clear: both;\"><\/div>","protected":false},"excerpt":{"rendered":"<p>Contact us Play Game Now Dear players and readers, We are delighted to welcome you to our website! If you have any questions, suggestions, or feedback, please feel [&hellip;]<\/p>","protected":false},"author":1,"featured_media":3263,"parent":0,"menu_order":0,"comment_status":"closed","ping_status":"closed","template":"","meta":{"_acf_changed":false,"footnotes":""},"class_list":["post-1392","page","type-page","status-publish","has-post-thumbnail","hentry"],"acf":[],"yoast_head":"<!-- This site is optimized with the Yoast SEO plugin v23.9 - https:\/\/yoast.com\/wordpress\/plugins\/seo\/ -->\n<title>Contact us - Play Slots<\/title>\n<meta name=\"description\" content=\"Get in touch with us today. We value your feedback and suggestions. Your opinion is crucial to us as we aim to enhance your experience on our website.\" \/>\n<meta name=\"robots\" content=\"index, follow, max-snippet:-1, max-image-preview:large, max-video-preview:-1\" \/>\n<link rel=\"canonical\" href=\"https:\/\/play--slots.com\/pt\/contact-us\/\" \/>\n<meta property=\"og:locale\" content=\"pt_PT\" \/>\n<meta property=\"og:type\" content=\"article\" \/>\n<meta property=\"og:title\" content=\"Contact us - Play Slots\" \/>\n<meta property=\"og:description\" content=\"Get in touch with us today. We value your feedback and suggestions. Your opinion is crucial to us as we aim to enhance your experience on our website.\" \/>\n<meta property=\"og:url\" content=\"https:\/\/play--slots.com\/pt\/contact-us\/\" \/>\n<meta property=\"og:site_name\" content=\"Play Slots\" \/>\n<meta property=\"article:modified_time\" content=\"2024-06-05T13:39:22+00:00\" \/>\n<meta property=\"og:image\" content=\"https:\/\/play--slots.com\/wp-content\/uploads\/contact.webp\" \/>\n\t<meta property=\"og:image:width\" content=\"800\" \/>\n\t<meta property=\"og:image:height\" content=\"450\" \/>\n\t<meta property=\"og:image:type\" content=\"image\/webp\" \/>\n<meta name=\"twitter:card\" content=\"summary_large_image\" \/>\n<meta name=\"twitter:label1\" content=\"Tempo estimado de leitura\" \/>\n\t<meta name=\"twitter:data1\" content=\"1 minuto\" \/>\n<script type=\"application\/ld+json\" class=\"yoast-schema-graph\">{\"@context\":\"https:\/\/schema.org\",\"@graph\":[{\"@type\":\"WebPage\",\"@id\":\"https:\/\/play--slots.com\/contact-us\/\",\"url\":\"https:\/\/play--slots.com\/contact-us\/\",\"name\":\"Contact us - Play Slots\",\"isPartOf\":{\"@id\":\"https:\/\/play--slots.com\/#website\"},\"primaryImageOfPage\":{\"@id\":\"https:\/\/play--slots.com\/contact-us\/#primaryimage\"},\"image\":{\"@id\":\"https:\/\/play--slots.com\/contact-us\/#primaryimage\"},\"thumbnailUrl\":\"https:\/\/play--slots.com\/wp-content\/uploads\/contact.webp\",\"datePublished\":\"2024-03-14T12:31:12+00:00\",\"dateModified\":\"2024-06-05T13:39:22+00:00\",\"description\":\"Get in touch with us today. We value your feedback and suggestions. Your opinion is crucial to us as we aim to enhance your experience on our website.\",\"breadcrumb\":{\"@id\":\"https:\/\/play--slots.com\/contact-us\/#breadcrumb\"},\"inLanguage\":\"pt-PT\",\"potentialAction\":[{\"@type\":\"ReadAction\",\"target\":[\"https:\/\/play--slots.com\/contact-us\/\"]}]},{\"@type\":\"ImageObject\",\"inLanguage\":\"pt-PT\",\"@id\":\"https:\/\/play--slots.com\/contact-us\/#primaryimage\",\"url\":\"https:\/\/play--slots.com\/wp-content\/uploads\/contact.webp\",\"contentUrl\":\"https:\/\/play--slots.com\/wp-content\/uploads\/contact.webp\",\"width\":800,\"height\":450},{\"@type\":\"BreadcrumbList\",\"@id\":\"https:\/\/play--slots.com\/contact-us\/#breadcrumb\",\"itemListElement\":[{\"@type\":\"ListItem\",\"position\":1,\"name\":\"Home\",\"item\":\"https:\/\/play--slots.com\/\"},{\"@type\":\"ListItem\",\"position\":2,\"name\":\"Contact us\"}]},{\"@type\":\"WebSite\",\"@id\":\"https:\/\/play--slots.com\/#website\",\"url\":\"https:\/\/play--slots.com\/\",\"name\":\"Play Slots\",\"description\":\"Online Slots Reviews\",\"publisher\":{\"@id\":\"https:\/\/play--slots.com\/#organization\"},\"potentialAction\":[{\"@type\":\"SearchAction\",\"target\":{\"@type\":\"EntryPoint\",\"urlTemplate\":\"https:\/\/play--slots.com\/?s={search_term_string}\"},\"query-input\":{\"@type\":\"PropertyValueSpecification\",\"valueRequired\":true,\"valueName\":\"search_term_string\"}}],\"inLanguage\":\"pt-PT\"},{\"@type\":\"Organization\",\"@id\":\"https:\/\/play--slots.com\/#organization\",\"name\":\"Play Slots\",\"url\":\"https:\/\/play--slots.com\/\",\"logo\":{\"@type\":\"ImageObject\",\"inLanguage\":\"pt-PT\",\"@id\":\"https:\/\/play--slots.com\/#\/schema\/logo\/image\/\",\"url\":\"https:\/\/play--slots.com\/wp-content\/uploads\/default-preview-2.jpeg\",\"contentUrl\":\"https:\/\/play--slots.com\/wp-content\/uploads\/default-preview-2.jpeg\",\"width\":1024,\"height\":1024,\"caption\":\"Play Slots\"},\"image\":{\"@id\":\"https:\/\/play--slots.com\/#\/schema\/logo\/image\/\"}}]}<\/script>\n<!-- \/ Yoast SEO plugin. -->","yoast_head_json":{"title":"Contact us - Play Slots","description":"Get in touch with us today. We value your feedback and suggestions. Your opinion is crucial to us as we aim to enhance your experience on our website.","robots":{"index":"index","follow":"follow","max-snippet":"max-snippet:-1","max-image-preview":"max-image-preview:large","max-video-preview":"max-video-preview:-1"},"canonical":"https:\/\/play--slots.com\/pt\/contact-us\/","og_locale":"pt_PT","og_type":"article","og_title":"Contact us - Play Slots","og_description":"Get in touch with us today. We value your feedback and suggestions. Your opinion is crucial to us as we aim to enhance your experience on our website.","og_url":"https:\/\/play--slots.com\/pt\/contact-us\/","og_site_name":"Play Slots","article_modified_time":"2024-06-05T13:39:22+00:00","og_image":[{"width":800,"height":450,"url":"https:\/\/play--slots.com\/wp-content\/uploads\/contact.webp","type":"image\/webp"}],"twitter_card":"summary_large_image","twitter_misc":{"Tempo estimado de leitura":"1 minuto"},"schema":{"@context":"https:\/\/schema.org","@graph":[{"@type":"WebPage","@id":"https:\/\/play--slots.com\/contact-us\/","url":"https:\/\/play--slots.com\/contact-us\/","name":"Contact us - Play Slots","isPartOf":{"@id":"https:\/\/play--slots.com\/#website"},"primaryImageOfPage":{"@id":"https:\/\/play--slots.com\/contact-us\/#primaryimage"},"image":{"@id":"https:\/\/play--slots.com\/contact-us\/#primaryimage"},"thumbnailUrl":"https:\/\/play--slots.com\/wp-content\/uploads\/contact.webp","datePublished":"2024-03-14T12:31:12+00:00","dateModified":"2024-06-05T13:39:22+00:00","description":"Get in touch with us today. We value your feedback and suggestions. Your opinion is crucial to us as we aim to enhance your experience on our website.","breadcrumb":{"@id":"https:\/\/play--slots.com\/contact-us\/#breadcrumb"},"inLanguage":"pt-PT","potentialAction":[{"@type":"ReadAction","target":["https:\/\/play--slots.com\/contact-us\/"]}]},{"@type":"ImageObject","inLanguage":"pt-PT","@id":"https:\/\/play--slots.com\/contact-us\/#primaryimage","url":"https:\/\/play--slots.com\/wp-content\/uploads\/contact.webp","contentUrl":"https:\/\/play--slots.com\/wp-content\/uploads\/contact.webp","width":800,"height":450},{"@type":"BreadcrumbList","@id":"https:\/\/play--slots.com\/contact-us\/#breadcrumb","itemListElement":[{"@type":"ListItem","position":1,"name":"Home","item":"https:\/\/play--slots.com\/"},{"@type":"ListItem","position":2,"name":"Contact us"}]},{"@type":"WebSite","@id":"https:\/\/play--slots.com\/#website","url":"https:\/\/play--slots.com\/","name":"Play Slots","description":"Online Slots Reviews","publisher":{"@id":"https:\/\/play--slots.com\/#organization"},"potentialAction":[{"@type":"SearchAction","target":{"@type":"EntryPoint","urlTemplate":"https:\/\/play--slots.com\/?s={search_term_string}"},"query-input":{"@type":"PropertyValueSpecification","valueRequired":true,"valueName":"search_term_string"}}],"inLanguage":"pt-PT"},{"@type":"Organization","@id":"https:\/\/play--slots.com\/#organization","name":"Play Slots","url":"https:\/\/play--slots.com\/","logo":{"@type":"ImageObject","inLanguage":"pt-PT","@id":"https:\/\/play--slots.com\/#\/schema\/logo\/image\/","url":"https:\/\/play--slots.com\/wp-content\/uploads\/default-preview-2.jpeg","contentUrl":"https:\/\/play--slots.com\/wp-content\/uploads\/default-preview-2.jpeg","width":1024,"height":1024,"caption":"Play Slots"},"image":{"@id":"https:\/\/play--slots.com\/#\/schema\/logo\/image\/"}}]}},"amp_enabled":true,"_links":{"self":[{"href":"https:\/\/play--slots.com\/pt\/wp-json\/wp\/v2\/pages\/1392","targetHints":{"allow":["GET"]}}],"collection":[{"href":"https:\/\/play--slots.com\/pt\/wp-json\/wp\/v2\/pages"}],"about":[{"href":"https:\/\/play--slots.com\/pt\/wp-json\/wp\/v2\/types\/page"}],"author":[{"embeddable":true,"href":"https:\/\/play--slots.com\/pt\/wp-json\/wp\/v2\/users\/1"}],"replies":[{"embeddable":true,"href":"https:\/\/play--slots.com\/pt\/wp-json\/wp\/v2\/comments?post=1392"}],"version-history":[{"count":5,"href":"https:\/\/play--slots.com\/pt\/wp-json\/wp\/v2\/pages\/1392\/revisions"}],"predecessor-version":[{"id":3444,"href":"https:\/\/play--slots.com\/pt\/wp-json\/wp\/v2\/pages\/1392\/revisions\/3444"}],"wp:featuredmedia":[{"embeddable":true,"href":"https:\/\/play--slots.com\/pt\/wp-json\/wp\/v2\/media\/3263"}],"wp:attachment":[{"href":"https:\/\/play--slots.com\/pt\/wp-json\/wp\/v2\/media?parent=1392"}],"curies":[{"name":"wp","href":"https:\/\/api.w.org\/{rel}","templated":true}]}}