{"id":1385,"date":"2024-03-14T12:25:15","date_gmt":"2024-03-14T12:25:15","guid":{"rendered":"https:\/\/play--slots.com\/?page_id=1385"},"modified":"2024-03-28T13:43:23","modified_gmt":"2024-03-28T13:43:23","slug":"responsible-gambling","status":"publish","type":"page","link":"https:\/\/play--slots.com\/pt\/responsible-gambling\/","title":{"rendered":"Jogo Respons\u00e1vel"},"content":{"rendered":"<div class=\"ba4b96ace4c36a683c2ee53617219f48\" data-index=\"1\" style=\"float: none; margin:10px 0 10px 0; text-align:center;\">\n<center>        <div class=\"custom-play-button\">\r\n            <b><a href=\"https:\/\/play--slots.com\/play-game\/\" rel=\"nofollow\" target=\"_blank\">Jogue o jogo agora<\/a><\/b>\r\n        <\/div>\r\n<\/center>\n<\/div>\n<h1>Jogo Respons\u00e1vel<\/h1>\n<p><img loading=\"lazy\" decoding=\"async\" src=\"https:\/\/play--slots.com\/wp-content\/uploads\/responsible-gambling.webp\" alt=\"Jogo Respons\u00e1vel\" tile=\"Responsible Gambling\" width=\"800\" height=\"450\" class=\"alignnone size-full wp-image-3268\" srcset=\"https:\/\/play--slots.com\/wp-content\/uploads\/responsible-gambling.webp 800w, https:\/\/play--slots.com\/wp-content\/uploads\/responsible-gambling-300x169.webp 300w, https:\/\/play--slots.com\/wp-content\/uploads\/responsible-gambling-768x432.webp 768w\" sizes=\"auto, (max-width: 800px) 100vw, 800px\" \/><br \/>\nO play\u2013slots.com \u00e9 um defensor do jogo limpo e do jogo respons\u00e1vel. \u00c9 absolutamente essencial que voc\u00ea mantenha o controle sobre seus h\u00e1bitos de jogo. Caso contr\u00e1rio, o jogo pode ser extremamente prejudicial e ter um impacto profundo em sua vida. Jogar ca\u00e7a-n\u00edqueis online deveria ser divertido. No entanto, para algumas pessoas, optar por participar de jogos de azar online pode ser mais um problema do que um simples passatempo.<\/p>\n<p>Embora muitas pessoas conhe\u00e7am seus limites e saibam controlar seus jogos, o mesmo n\u00e3o se pode dizer de um pequeno grupo de outras. \u00c9 por isso que o jogo respons\u00e1vel deve ser sempre lembrado \u2013 n\u00e3o apenas para aqueles que atualmente t\u00eam ou tiveram problemas com jogos de azar, mas para todos que optam por acessar sites de jogos online.<\/p>\n<p>Por isso, \u00e9 importante saber reconhecer os sinais do v\u00edcio em jogos de azar e saber quais medidas tomar caso sinta que isso est\u00e1 afetando voc\u00ea. Estamos aqui para fornecer todas as informa\u00e7\u00f5es necess\u00e1rias sobre o assunto, para que, caso sinta que o v\u00edcio em jogos de azar est\u00e1 se tornando um problema, voc\u00ea possa descobrir o que fazer a respeito. Felizmente, existem in\u00fameras maneiras de buscar ajuda.<\/p>\n<p>Os cassinos online que recomendamos atrav\u00e9s do nosso site s\u00e3o todos devidamente licenciados e, portanto, obrigados a <span class=\"st\">dar aos seus clientes todas as ferramentas necess\u00e1rias para regular os seus h\u00e1bitos de jogo atrav\u00e9s da implementa\u00e7\u00e3o de v\u00e1rios tipos de limites<\/span>. Dessa forma, voc\u00ea pode ter certeza de que est\u00e1 jogando em uma plataforma que leva o jogo respons\u00e1vel a s\u00e9rio, caso sinta que o jogo est\u00e1 tomando conta da sua vida.<\/p>\n<p>Os sites que recomendamos permitem que voc\u00ea utilize diferentes fun\u00e7\u00f5es para melhor gerenciar e aproveitar o tempo longe dos jogos de azar online. Eles incluem:<\/p>\n<ul>\n<li>A capacidade de definir limites de dep\u00f3sito para voc\u00ea mesmo. Portanto, se voc\u00ea reservar uma certa quantia de dinheiro para usar em jogos de azar, nunca ultrapassar\u00e1 esse valor com um limite de dep\u00f3sito definido.<\/li>\n<li>A op\u00e7\u00e3o de definir verifica\u00e7\u00f5es de realidade, para que voc\u00ea receba avisos sobre h\u00e1 quanto tempo est\u00e1 jogando.<\/li>\n<li>A possibilidade de &quot;dar uma pausa&quot; nas apostas. Com esta op\u00e7\u00e3o, voc\u00ea pode garantir um per\u00edodo de pausa nas apostas, que pode variar de 24 horas a 6 semanas na maioria dos casos.<\/li>\n<li>Removendo completamente o jogo online da sua vida com a autoexclus\u00e3o. Com ela, voc\u00ea poder\u00e1 se bloquear de sites de jogos de azar online, o que o ajudar\u00e1 a encerrar qualquer tipo de atividade de jogo. Essa medida pode ser aplicada por um per\u00edodo de seis meses a cinco anos.<\/li>\n<\/ul>\n<p>Al\u00e9m disso, os sites que recomendamos tamb\u00e9m oferecem a possibilidade de visualizar sua pr\u00f3pria atividade de jogo (incluindo dep\u00f3sitos, saques e outras transa\u00e7\u00f5es anteriores), bem como a op\u00e7\u00e3o de definir jogos para uma fun\u00e7\u00e3o de reprodu\u00e7\u00e3o autom\u00e1tica.<\/p>\n<h2>Sinais de jogo compulsivo<\/h2>\n<p>Existem v\u00e1rios sinais de que voc\u00ea pode ter um problema com jogos de azar, embora o fator mais importante seja considerar se voc\u00ea est\u00e1 se divertindo ou n\u00e3o enquanto joga. Alguns outros sinais de que voc\u00ea pode ter um problema com jogos de azar incluem os seguintes:<\/p>\n<ol>\n<li>Jogar em casa, longe de outras pessoas, por longos per\u00edodos de tempo parece ser uma parte importante da sua vida?<\/li>\n<li>Voc\u00ea fica com raiva ou frustrado quando perde?<\/li>\n<li>Voc\u00ea j\u00e1 se viu aumentando seus dep\u00f3sitos e apostas para tentar cobrir perdas?<\/li>\n<li>Voc\u00ea usa o jogo como uma fuga de outros problemas da vida?<\/li>\n<li>Voc\u00ea j\u00e1 teve problemas anteriores relacionados a jogos de azar?<\/li>\n<li>Voc\u00ea j\u00e1 procurou ajuda para tentar reduzir a quantidade de tempo gasto jogando no passado?<\/li>\n<li>Voc\u00ea esconde suas atividades de jogo de familiares e amigos?<\/li>\n<li>Voc\u00ea j\u00e1 pegou dinheiro emprestado de outras pessoas como forma de financiar uma conta de jogo online?<\/li>\n<li>Voc\u00ea j\u00e1 vendeu algum dos seus bens para ganhar dinheiro para usar em jogos de azar?<\/li>\n<li>A desonestidade j\u00e1 interferiu na sua vida para que voc\u00ea financiasse seu jogo?<\/li>\n<\/ol>\n<p>Voc\u00ea pode ter problemas com jogos de azar se respondeu &quot;sim&quot; a pelo menos uma destas perguntas. Se quiser saber mais sobre isso ou se quiser obter uma an\u00e1lise mais abrangente da sua pr\u00f3pria atividade de jogo, talvez seja interessante responder ao question\u00e1rio &quot;Preocupado com o seu jogo&quot; do site BeGambleAware. Os resultados deste question\u00e1rio devem lhe dar uma vis\u00e3o mais detalhada de como o jogo de azar pode estar afetando sua vida.<\/p>\n<h2>Passos a seguir se voc\u00ea acha que tem um problema<\/h2>\n<p>Existem in\u00fameras fontes de ajuda se voc\u00ea acredita ter um problema com jogos de azar. \u00c9 claro que, antes de tudo, voc\u00ea precisa ser honesto e aceitar que tem um problema com isso. Depois disso, voc\u00ea precisa encarar o problema de frente e, ent\u00e3o, fazer algo a respeito. N\u00e3o sinta que \u00e9 algo que voc\u00ea precisa guardar para si, pois buscar ajuda de outras pessoas \u00e9 uma parte necess\u00e1ria para lidar com o problema.<\/p>\n<p>Algumas das medidas que voc\u00ea pode tomar para tentar controlar seus h\u00e1bitos de jogo incluem coisas como:<\/p>\n<ol>\n<li>Utilize o recurso de limite de dep\u00f3sito mencionado anteriormente de um site de apostas on-line para tentar garantir que voc\u00ea n\u00e3o transfira mais dinheiro do que pode pagar.<\/li>\n<li>Converse com algu\u00e9m de confian\u00e7a e pe\u00e7a que ele assuma o controle das suas finan\u00e7as por um per\u00edodo espec\u00edfico. Alternativamente, pe\u00e7a a ele que o ajude a criar algum tipo de plano or\u00e7ament\u00e1rio que garanta que voc\u00ea n\u00e3o ultrapasse o valor dedicado a esse passatempo.<\/li>\n<li>Se voc\u00ea passar v\u00e1rios dias sem jogar, ent\u00e3o ofere\u00e7a a si mesmo uma recompensa n\u00e3o relacionada a jogos de azar usando o dinheiro que voc\u00ea economizou com isso.<\/li>\n<li>Caso voc\u00ea n\u00e3o consiga controlar seu apetite por jogos de azar, utilize o recurso de autoexclus\u00e3o para se bloquear de entrar e depositar em sites on-line.<\/li>\n<li>Se desejar, voc\u00ea pode visitar o site gamblock.com, que lhe d\u00e1 a oportunidade de bloquear seu acesso a diversas plataformas de apostas e jogos de azar.<\/li>\n<li>Se voc\u00ea est\u00e1 no caminho certo para largar qualquer tipo de v\u00edcio em jogos de azar, certifique-se de marcar cada dia em que conseguir fazer isso com sucesso em um calend\u00e1rio. Dessa forma, voc\u00ea pode acompanhar seu pr\u00f3prio progresso e se orgulhar de suas conquistas.<\/li>\n<\/ol>\n<p>Para obter ajuda adicional, existem diversos sites online que podem fornecer informa\u00e7\u00f5es, n\u00fameros de telefone, pessoas para contato e muito mais. Entre eles, est\u00e3o servi\u00e7os de ajuda independentes, como:<\/p>\n<ul>\n<li><a href=\"http:\/\/www.gamcare.org.uk\/\" target=\"_blank\" rel=\"noopener noreferrer\">GamCare<\/a><\/li>\n<li><a href=\"https:\/\/www.gamblersanonymous.org.uk\/\" target=\"_blank\" rel=\"noopener noreferrer\">Jogadores An\u00f4nimos<\/a><\/li>\n<li><a href=\"https:\/\/www.begambleaware.org\/\" target=\"_blank\" rel=\"noopener noreferrer\">GambleAware<\/a><\/li>\n<li><a href=\"https:\/\/www.cnwl.nhs.uk\/\" target=\"_blank\" rel=\"noopener noreferrer\">Cl\u00ednica Nacional de Problemas com Jogos de Azar<\/a><\/li>\n<\/ul>\n<div class=\"ba4b96ace4c36a683c2ee53617219f48\" data-index=\"1\" style=\"float: none; margin:10px 0 10px 0; text-align:center;\">\n<center>        <div class=\"custom-play-button\">\r\n            <b><a href=\"https:\/\/play--slots.com\/play-game\/\" rel=\"nofollow\" target=\"_blank\">Jogue o jogo agora<\/a><\/b>\r\n        <\/div>\r\n<\/center>\n<\/div>\n\n<div style=\"font-size: 0px; height: 0px; line-height: 0px; margin: 0; padding: 0; clear: both;\"><\/div>","protected":false},"excerpt":{"rendered":"<p>Jogo Respons\u00e1vel: O play-slots.com defende o jogo justo e apoia o jogo respons\u00e1vel. \u00c9 absolutamente essencial que voc\u00ea mantenha o controle sobre seus h\u00e1bitos de jogo.<\/p>","protected":false},"author":1,"featured_media":3268,"parent":0,"menu_order":0,"comment_status":"closed","ping_status":"closed","template":"","meta":{"_acf_changed":false,"footnotes":""},"class_list":["post-1385","page","type-page","status-publish","has-post-thumbnail","hentry"],"acf":[],"yoast_head":"<!-- This site is optimized with the Yoast SEO plugin v23.9 - https:\/\/yoast.com\/wordpress\/plugins\/seo\/ -->\n<title>Responsible Gambling - Play Slots<\/title>\n<meta name=\"description\" content=\"Discover the signs of compulsive gambling and learn how to manage your gambling habits responsibly. Seek help and support if you recognize any red flags.\" \/>\n<meta name=\"robots\" content=\"index, follow, max-snippet:-1, max-image-preview:large, max-video-preview:-1\" \/>\n<link rel=\"canonical\" href=\"https:\/\/play--slots.com\/pt\/responsible-gambling\/\" \/>\n<meta property=\"og:locale\" content=\"pt_PT\" \/>\n<meta property=\"og:type\" content=\"article\" \/>\n<meta property=\"og:title\" content=\"Responsible Gambling - Play Slots\" \/>\n<meta property=\"og:description\" content=\"Discover the signs of compulsive gambling and learn how to manage your gambling habits responsibly. Seek help and support if you recognize any red flags.\" \/>\n<meta property=\"og:url\" content=\"https:\/\/play--slots.com\/pt\/responsible-gambling\/\" \/>\n<meta property=\"og:site_name\" content=\"Play Slots\" \/>\n<meta property=\"article:modified_time\" content=\"2024-03-28T13:43:23+00:00\" \/>\n<meta property=\"og:image\" content=\"https:\/\/play--slots.com\/wp-content\/uploads\/responsible-gambling.webp\" \/>\n\t<meta property=\"og:image:width\" content=\"800\" \/>\n\t<meta property=\"og:image:height\" content=\"450\" \/>\n\t<meta property=\"og:image:type\" content=\"image\/webp\" \/>\n<meta name=\"twitter:card\" content=\"summary_large_image\" \/>\n<meta name=\"twitter:label1\" content=\"Tempo estimado de leitura\" \/>\n\t<meta name=\"twitter:data1\" content=\"5 minutos\" \/>\n<script type=\"application\/ld+json\" class=\"yoast-schema-graph\">{\"@context\":\"https:\/\/schema.org\",\"@graph\":[{\"@type\":\"WebPage\",\"@id\":\"https:\/\/play--slots.com\/responsible-gambling\/\",\"url\":\"https:\/\/play--slots.com\/responsible-gambling\/\",\"name\":\"Responsible Gambling - Play Slots\",\"isPartOf\":{\"@id\":\"https:\/\/play--slots.com\/#website\"},\"primaryImageOfPage\":{\"@id\":\"https:\/\/play--slots.com\/responsible-gambling\/#primaryimage\"},\"image\":{\"@id\":\"https:\/\/play--slots.com\/responsible-gambling\/#primaryimage\"},\"thumbnailUrl\":\"https:\/\/play--slots.com\/wp-content\/uploads\/responsible-gambling.webp\",\"datePublished\":\"2024-03-14T12:25:15+00:00\",\"dateModified\":\"2024-03-28T13:43:23+00:00\",\"description\":\"Discover the signs of compulsive gambling and learn how to manage your gambling habits responsibly. Seek help and support if you recognize any red flags.\",\"breadcrumb\":{\"@id\":\"https:\/\/play--slots.com\/responsible-gambling\/#breadcrumb\"},\"inLanguage\":\"pt-PT\",\"potentialAction\":[{\"@type\":\"ReadAction\",\"target\":[\"https:\/\/play--slots.com\/responsible-gambling\/\"]}]},{\"@type\":\"ImageObject\",\"inLanguage\":\"pt-PT\",\"@id\":\"https:\/\/play--slots.com\/responsible-gambling\/#primaryimage\",\"url\":\"https:\/\/play--slots.com\/wp-content\/uploads\/responsible-gambling.webp\",\"contentUrl\":\"https:\/\/play--slots.com\/wp-content\/uploads\/responsible-gambling.webp\",\"width\":800,\"height\":450},{\"@type\":\"BreadcrumbList\",\"@id\":\"https:\/\/play--slots.com\/responsible-gambling\/#breadcrumb\",\"itemListElement\":[{\"@type\":\"ListItem\",\"position\":1,\"name\":\"Home\",\"item\":\"https:\/\/play--slots.com\/\"},{\"@type\":\"ListItem\",\"position\":2,\"name\":\"Responsible Gambling\"}]},{\"@type\":\"WebSite\",\"@id\":\"https:\/\/play--slots.com\/#website\",\"url\":\"https:\/\/play--slots.com\/\",\"name\":\"Play Slots\",\"description\":\"Online Slots Reviews\",\"publisher\":{\"@id\":\"https:\/\/play--slots.com\/#organization\"},\"potentialAction\":[{\"@type\":\"SearchAction\",\"target\":{\"@type\":\"EntryPoint\",\"urlTemplate\":\"https:\/\/play--slots.com\/?s={search_term_string}\"},\"query-input\":{\"@type\":\"PropertyValueSpecification\",\"valueRequired\":true,\"valueName\":\"search_term_string\"}}],\"inLanguage\":\"pt-PT\"},{\"@type\":\"Organization\",\"@id\":\"https:\/\/play--slots.com\/#organization\",\"name\":\"Play Slots\",\"url\":\"https:\/\/play--slots.com\/\",\"logo\":{\"@type\":\"ImageObject\",\"inLanguage\":\"pt-PT\",\"@id\":\"https:\/\/play--slots.com\/#\/schema\/logo\/image\/\",\"url\":\"https:\/\/play--slots.com\/wp-content\/uploads\/default-preview-2.jpeg\",\"contentUrl\":\"https:\/\/play--slots.com\/wp-content\/uploads\/default-preview-2.jpeg\",\"width\":1024,\"height\":1024,\"caption\":\"Play Slots\"},\"image\":{\"@id\":\"https:\/\/play--slots.com\/#\/schema\/logo\/image\/\"}}]}<\/script>\n<!-- \/ Yoast SEO plugin. -->","yoast_head_json":{"title":"Responsible Gambling - Play Slots","description":"Discover the signs of compulsive gambling and learn how to manage your gambling habits responsibly. Seek help and support if you recognize any red flags.","robots":{"index":"index","follow":"follow","max-snippet":"max-snippet:-1","max-image-preview":"max-image-preview:large","max-video-preview":"max-video-preview:-1"},"canonical":"https:\/\/play--slots.com\/pt\/responsible-gambling\/","og_locale":"pt_PT","og_type":"article","og_title":"Responsible Gambling - Play Slots","og_description":"Discover the signs of compulsive gambling and learn how to manage your gambling habits responsibly. Seek help and support if you recognize any red flags.","og_url":"https:\/\/play--slots.com\/pt\/responsible-gambling\/","og_site_name":"Play Slots","article_modified_time":"2024-03-28T13:43:23+00:00","og_image":[{"width":800,"height":450,"url":"https:\/\/play--slots.com\/wp-content\/uploads\/responsible-gambling.webp","type":"image\/webp"}],"twitter_card":"summary_large_image","twitter_misc":{"Tempo estimado de leitura":"5 minutos"},"schema":{"@context":"https:\/\/schema.org","@graph":[{"@type":"WebPage","@id":"https:\/\/play--slots.com\/responsible-gambling\/","url":"https:\/\/play--slots.com\/responsible-gambling\/","name":"Responsible Gambling - Play Slots","isPartOf":{"@id":"https:\/\/play--slots.com\/#website"},"primaryImageOfPage":{"@id":"https:\/\/play--slots.com\/responsible-gambling\/#primaryimage"},"image":{"@id":"https:\/\/play--slots.com\/responsible-gambling\/#primaryimage"},"thumbnailUrl":"https:\/\/play--slots.com\/wp-content\/uploads\/responsible-gambling.webp","datePublished":"2024-03-14T12:25:15+00:00","dateModified":"2024-03-28T13:43:23+00:00","description":"Discover the signs of compulsive gambling and learn how to manage your gambling habits responsibly. Seek help and support if you recognize any red flags.","breadcrumb":{"@id":"https:\/\/play--slots.com\/responsible-gambling\/#breadcrumb"},"inLanguage":"pt-PT","potentialAction":[{"@type":"ReadAction","target":["https:\/\/play--slots.com\/responsible-gambling\/"]}]},{"@type":"ImageObject","inLanguage":"pt-PT","@id":"https:\/\/play--slots.com\/responsible-gambling\/#primaryimage","url":"https:\/\/play--slots.com\/wp-content\/uploads\/responsible-gambling.webp","contentUrl":"https:\/\/play--slots.com\/wp-content\/uploads\/responsible-gambling.webp","width":800,"height":450},{"@type":"BreadcrumbList","@id":"https:\/\/play--slots.com\/responsible-gambling\/#breadcrumb","itemListElement":[{"@type":"ListItem","position":1,"name":"Home","item":"https:\/\/play--slots.com\/"},{"@type":"ListItem","position":2,"name":"Responsible Gambling"}]},{"@type":"WebSite","@id":"https:\/\/play--slots.com\/#website","url":"https:\/\/play--slots.com\/","name":"Play Slots","description":"Online Slots Reviews","publisher":{"@id":"https:\/\/play--slots.com\/#organization"},"potentialAction":[{"@type":"SearchAction","target":{"@type":"EntryPoint","urlTemplate":"https:\/\/play--slots.com\/?s={search_term_string}"},"query-input":{"@type":"PropertyValueSpecification","valueRequired":true,"valueName":"search_term_string"}}],"inLanguage":"pt-PT"},{"@type":"Organization","@id":"https:\/\/play--slots.com\/#organization","name":"Play Slots","url":"https:\/\/play--slots.com\/","logo":{"@type":"ImageObject","inLanguage":"pt-PT","@id":"https:\/\/play--slots.com\/#\/schema\/logo\/image\/","url":"https:\/\/play--slots.com\/wp-content\/uploads\/default-preview-2.jpeg","contentUrl":"https:\/\/play--slots.com\/wp-content\/uploads\/default-preview-2.jpeg","width":1024,"height":1024,"caption":"Play Slots"},"image":{"@id":"https:\/\/play--slots.com\/#\/schema\/logo\/image\/"}}]}},"amp_enabled":true,"_links":{"self":[{"href":"https:\/\/play--slots.com\/pt\/wp-json\/wp\/v2\/pages\/1385","targetHints":{"allow":["GET"]}}],"collection":[{"href":"https:\/\/play--slots.com\/pt\/wp-json\/wp\/v2\/pages"}],"about":[{"href":"https:\/\/play--slots.com\/pt\/wp-json\/wp\/v2\/types\/page"}],"author":[{"embeddable":true,"href":"https:\/\/play--slots.com\/pt\/wp-json\/wp\/v2\/users\/1"}],"replies":[{"embeddable":true,"href":"https:\/\/play--slots.com\/pt\/wp-json\/wp\/v2\/comments?post=1385"}],"version-history":[{"count":4,"href":"https:\/\/play--slots.com\/pt\/wp-json\/wp\/v2\/pages\/1385\/revisions"}],"predecessor-version":[{"id":3270,"href":"https:\/\/play--slots.com\/pt\/wp-json\/wp\/v2\/pages\/1385\/revisions\/3270"}],"wp:featuredmedia":[{"embeddable":true,"href":"https:\/\/play--slots.com\/pt\/wp-json\/wp\/v2\/media\/3268"}],"wp:attachment":[{"href":"https:\/\/play--slots.com\/pt\/wp-json\/wp\/v2\/media?parent=1385"}],"curies":[{"name":"wp","href":"https:\/\/api.w.org\/{rel}","templated":true}]}}