{"id":1382,"date":"2024-03-14T10:57:52","date_gmt":"2024-03-14T10:57:52","guid":{"rendered":"https:\/\/play--slots.com\/?page_id=1382"},"modified":"2024-03-28T13:44:55","modified_gmt":"2024-03-28T13:44:55","slug":"review-policy","status":"publish","type":"page","link":"https:\/\/play--slots.com\/pt\/review-policy\/","title":{"rendered":"Pol\u00edtica de revis\u00e3o"},"content":{"rendered":"<div class=\"ba4b96ace4c36a683c2ee53617219f48\" data-index=\"1\" style=\"float: none; margin:10px 0 10px 0; text-align:center;\">\n<center>        <div class=\"custom-play-button\">\r\n            <b><a href=\"https:\/\/play--slots.com\/play-game\/\" rel=\"nofollow\" target=\"_blank\">Jogue o jogo agora<\/a><\/b>\r\n        <\/div>\r\n<\/center>\n<\/div>\n<h1>Pol\u00edtica de revis\u00e3o<\/h1>\n<p><img loading=\"lazy\" decoding=\"async\" src=\"https:\/\/play--slots.com\/wp-content\/uploads\/review-policy.jpg\" alt=\"Pol\u00edtica de revis\u00e3o\"  title=\"Pol\u00edtica de revis\u00e3o\" width=\"840\" height=\"440\" class=\"alignnone size-full wp-image-3271\" srcset=\"https:\/\/play--slots.com\/wp-content\/uploads\/review-policy.jpg 840w, https:\/\/play--slots.com\/wp-content\/uploads\/review-policy-300x157.jpg 300w, https:\/\/play--slots.com\/wp-content\/uploads\/review-policy-768x402.jpg 768w\" sizes=\"auto, (max-width: 840px) 100vw, 840px\" \/><br \/>\nNo play\u2013slots.com, abordamos as an\u00e1lises de jogos com dedica\u00e7\u00e3o \u00e0 integridade e honestidade, priorizando os interesses dos nossos leitores acima de tudo. Ao contr\u00e1rio de muitas outras plataformas de jogos, realizamos testes e avalia\u00e7\u00f5es minuciosas dos jogos para fornecer an\u00e1lises criteriosas e imparciais. Nosso compromisso se estende \u00e0 manuten\u00e7\u00e3o da independ\u00eancia em rela\u00e7\u00e3o aos desenvolvedores de jogos, garantindo que nossas avalia\u00e7\u00f5es sejam imparciais e confi\u00e1veis.<\/p>\n<h2>Avalia\u00e7\u00e3o imparcial<\/h2>\n<p>Seguimos uma pol\u00edtica rigorosa de nunca aceitar comiss\u00f5es ou pagamentos de desenvolvedores de jogos que possam comprometer a integridade de nossas an\u00e1lises. Nosso objetivo \u00e9 oferecer avalia\u00e7\u00f5es transparentes e imparciais para auxiliar nossos leitores a tomar decis\u00f5es informadas. Nossa reputa\u00e7\u00e3o como fonte confi\u00e1vel e independente \u00e9 primordial para n\u00f3s, e a mantemos em todas as an\u00e1lises que publicamos.<\/p>\n<h2>Reconhecimento da Ind\u00fastria<\/h2>\n<p>Apesar das nossas cr\u00edticas sinceras, conquistamos um interesse significativo de desenvolvedores de jogos que valorizam nossa abordagem imparcial. Nossa reputa\u00e7\u00e3o de credibilidade na ind\u00fastria fez do play\u2013slots.com uma plataforma muito procurada para recursos de jogos. Os desenvolvedores apreciam o feedback construtivo fornecido pela nossa comunidade, que os ajuda a aprimorar seus jogos para atender \u00e0s expectativas dos jogadores.<\/p>\n<h2>Padr\u00f5es de revis\u00e3o<\/h2>\n<p>Nossas an\u00e1lises s\u00e3o guiadas por um conjunto abrangente de crit\u00e9rios para garantir avalia\u00e7\u00f5es completas e justas. Priorizamos fatores como balanceamento, jogabilidade, vari\u00e2ncia, frequ\u00eancia de b\u00f4nus, RTP, originalidade e potencial. Ao considerar esses elementos, oferecemos uma vis\u00e3o hol\u00edstica dos pontos fortes e fracos de cada jogo.<\/p>\n<h2>Pontua\u00e7\u00e3o Transparente<\/h2>\n<p>Adotamos um sistema de pontua\u00e7\u00e3o de 10 pontos para fornecer avalia\u00e7\u00f5es claras e concisas para nossas an\u00e1lises. Cada pontua\u00e7\u00e3o reflete a qualidade geral e o prazer do jogo, orientando os leitores em suas escolhas. Nossa escala de pontua\u00e7\u00e3o varia de 0 (Abismal) a 10 (Obra-prima), com explica\u00e7\u00f5es detalhadas acompanhando cada pontua\u00e7\u00e3o.<\/p>\n<h2>Avalia\u00e7\u00f5es atualizadas<\/h2>\n<p>Reconhecemos que os jogos podem evoluir ap\u00f3s o lan\u00e7amento, o que nos leva a revisitar e atualizar nossas avalia\u00e7\u00f5es de acordo. \u00c0 medida que investimos mais tempo jogando e entendendo um jogo, nossas opini\u00f5es podem evoluir, levando a ajustes nas pontua\u00e7\u00f5es ou no conte\u00fado das avalia\u00e7\u00f5es. Tamb\u00e9m levamos em considera\u00e7\u00e3o o feedback da comunidade gamer, garantindo que nossas avalia\u00e7\u00f5es permane\u00e7am relevantes e perspicazes.<\/p>\n<h2>Prote\u00e7\u00e3o de Fonte e Confidencialidade<\/h2>\n<p>Como um site de not\u00edcias independente, priorizamos a prote\u00e7\u00e3o das fontes, de acordo com os padr\u00f5es jornal\u00edsticos internacionais. Protegemos o anonimato de nossas fontes, mantendo a confidencialidade mesmo sob press\u00e3o de representantes do setor. Nosso compromisso com a prote\u00e7\u00e3o das fontes garante a integridade e a credibilidade de nossas reportagens.<\/p>\n<p>No play\u2013slots.com, nos esfor\u00e7amos para fornecer avalia\u00e7\u00f5es que capacitem nossos leitores a tomar decis\u00f5es de jogo informadas. Nossa dedica\u00e7\u00e3o \u00e0 honestidade, transpar\u00eancia e independ\u00eancia nos diferencia como uma autoridade confi\u00e1vel na comunidade de jogos.<\/p>\n<div class=\"ba4b96ace4c36a683c2ee53617219f48\" data-index=\"1\" style=\"float: none; margin:10px 0 10px 0; text-align:center;\">\n<center>        <div class=\"custom-play-button\">\r\n            <b><a href=\"https:\/\/play--slots.com\/play-game\/\" rel=\"nofollow\" target=\"_blank\">Jogue o jogo agora<\/a><\/b>\r\n        <\/div>\r\n<\/center>\n<\/div>\n\n<div style=\"font-size: 0px; height: 0px; line-height: 0px; margin: 0; padding: 0; clear: both;\"><\/div>","protected":false},"excerpt":{"rendered":"<p>Pol\u00edtica de An\u00e1lises No play\u2013slots.com, abordamos as an\u00e1lises de jogos com dedica\u00e7\u00e3o \u00e0 integridade e honestidade, priorizando os interesses de nossos leitores acima de tudo.<\/p>","protected":false},"author":1,"featured_media":3271,"parent":0,"menu_order":0,"comment_status":"closed","ping_status":"closed","template":"","meta":{"_acf_changed":false,"footnotes":""},"class_list":["post-1382","page","type-page","status-publish","has-post-thumbnail","hentry"],"acf":[],"yoast_head":"<!-- This site is optimized with the Yoast SEO plugin v23.9 - https:\/\/yoast.com\/wordpress\/plugins\/seo\/ -->\n<title>Review Policy - Play Slots<\/title>\n<meta name=\"description\" content=\"Discover how play\u2013slots.com maintains integrity with unbiased game reviews. From transparent scoring to updated evaluations, trust our credible assessments.\" \/>\n<meta name=\"robots\" content=\"index, follow, max-snippet:-1, max-image-preview:large, max-video-preview:-1\" \/>\n<link rel=\"canonical\" href=\"https:\/\/play--slots.com\/pt\/review-policy\/\" \/>\n<meta property=\"og:locale\" content=\"pt_PT\" \/>\n<meta property=\"og:type\" content=\"article\" \/>\n<meta property=\"og:title\" content=\"Review Policy - Play Slots\" \/>\n<meta property=\"og:description\" content=\"Discover how play\u2013slots.com maintains integrity with unbiased game reviews. From transparent scoring to updated evaluations, trust our credible assessments.\" \/>\n<meta property=\"og:url\" content=\"https:\/\/play--slots.com\/pt\/review-policy\/\" \/>\n<meta property=\"og:site_name\" content=\"Play Slots\" \/>\n<meta property=\"article:modified_time\" content=\"2024-03-28T13:44:55+00:00\" \/>\n<meta property=\"og:image\" content=\"https:\/\/play--slots.com\/wp-content\/uploads\/review-policy.jpg\" \/>\n\t<meta property=\"og:image:width\" content=\"840\" \/>\n\t<meta property=\"og:image:height\" content=\"440\" \/>\n\t<meta property=\"og:image:type\" content=\"image\/jpeg\" \/>\n<meta name=\"twitter:card\" content=\"summary_large_image\" \/>\n<meta name=\"twitter:label1\" content=\"Tempo estimado de leitura\" \/>\n\t<meta name=\"twitter:data1\" content=\"2 minutos\" \/>\n<script type=\"application\/ld+json\" class=\"yoast-schema-graph\">{\"@context\":\"https:\/\/schema.org\",\"@graph\":[{\"@type\":\"WebPage\",\"@id\":\"https:\/\/play--slots.com\/review-policy\/\",\"url\":\"https:\/\/play--slots.com\/review-policy\/\",\"name\":\"Review Policy - Play Slots\",\"isPartOf\":{\"@id\":\"https:\/\/play--slots.com\/#website\"},\"primaryImageOfPage\":{\"@id\":\"https:\/\/play--slots.com\/review-policy\/#primaryimage\"},\"image\":{\"@id\":\"https:\/\/play--slots.com\/review-policy\/#primaryimage\"},\"thumbnailUrl\":\"https:\/\/play--slots.com\/wp-content\/uploads\/review-policy.jpg\",\"datePublished\":\"2024-03-14T10:57:52+00:00\",\"dateModified\":\"2024-03-28T13:44:55+00:00\",\"description\":\"Discover how play\u2013slots.com maintains integrity with unbiased game reviews. From transparent scoring to updated evaluations, trust our credible assessments.\",\"breadcrumb\":{\"@id\":\"https:\/\/play--slots.com\/review-policy\/#breadcrumb\"},\"inLanguage\":\"pt-PT\",\"potentialAction\":[{\"@type\":\"ReadAction\",\"target\":[\"https:\/\/play--slots.com\/review-policy\/\"]}]},{\"@type\":\"ImageObject\",\"inLanguage\":\"pt-PT\",\"@id\":\"https:\/\/play--slots.com\/review-policy\/#primaryimage\",\"url\":\"https:\/\/play--slots.com\/wp-content\/uploads\/review-policy.jpg\",\"contentUrl\":\"https:\/\/play--slots.com\/wp-content\/uploads\/review-policy.jpg\",\"width\":840,\"height\":440},{\"@type\":\"BreadcrumbList\",\"@id\":\"https:\/\/play--slots.com\/review-policy\/#breadcrumb\",\"itemListElement\":[{\"@type\":\"ListItem\",\"position\":1,\"name\":\"Home\",\"item\":\"https:\/\/play--slots.com\/\"},{\"@type\":\"ListItem\",\"position\":2,\"name\":\"Review Policy\"}]},{\"@type\":\"WebSite\",\"@id\":\"https:\/\/play--slots.com\/#website\",\"url\":\"https:\/\/play--slots.com\/\",\"name\":\"Play Slots\",\"description\":\"Online Slots Reviews\",\"publisher\":{\"@id\":\"https:\/\/play--slots.com\/#organization\"},\"potentialAction\":[{\"@type\":\"SearchAction\",\"target\":{\"@type\":\"EntryPoint\",\"urlTemplate\":\"https:\/\/play--slots.com\/?s={search_term_string}\"},\"query-input\":{\"@type\":\"PropertyValueSpecification\",\"valueRequired\":true,\"valueName\":\"search_term_string\"}}],\"inLanguage\":\"pt-PT\"},{\"@type\":\"Organization\",\"@id\":\"https:\/\/play--slots.com\/#organization\",\"name\":\"Play Slots\",\"url\":\"https:\/\/play--slots.com\/\",\"logo\":{\"@type\":\"ImageObject\",\"inLanguage\":\"pt-PT\",\"@id\":\"https:\/\/play--slots.com\/#\/schema\/logo\/image\/\",\"url\":\"https:\/\/play--slots.com\/wp-content\/uploads\/default-preview-2.jpeg\",\"contentUrl\":\"https:\/\/play--slots.com\/wp-content\/uploads\/default-preview-2.jpeg\",\"width\":1024,\"height\":1024,\"caption\":\"Play Slots\"},\"image\":{\"@id\":\"https:\/\/play--slots.com\/#\/schema\/logo\/image\/\"}}]}<\/script>\n<!-- \/ Yoast SEO plugin. -->","yoast_head_json":{"title":"Review Policy - Play Slots","description":"Discover how play\u2013slots.com maintains integrity with unbiased game reviews. From transparent scoring to updated evaluations, trust our credible assessments.","robots":{"index":"index","follow":"follow","max-snippet":"max-snippet:-1","max-image-preview":"max-image-preview:large","max-video-preview":"max-video-preview:-1"},"canonical":"https:\/\/play--slots.com\/pt\/review-policy\/","og_locale":"pt_PT","og_type":"article","og_title":"Review Policy - Play Slots","og_description":"Discover how play\u2013slots.com maintains integrity with unbiased game reviews. From transparent scoring to updated evaluations, trust our credible assessments.","og_url":"https:\/\/play--slots.com\/pt\/review-policy\/","og_site_name":"Play Slots","article_modified_time":"2024-03-28T13:44:55+00:00","og_image":[{"width":840,"height":440,"url":"https:\/\/play--slots.com\/wp-content\/uploads\/review-policy.jpg","type":"image\/jpeg"}],"twitter_card":"summary_large_image","twitter_misc":{"Tempo estimado de leitura":"2 minutos"},"schema":{"@context":"https:\/\/schema.org","@graph":[{"@type":"WebPage","@id":"https:\/\/play--slots.com\/review-policy\/","url":"https:\/\/play--slots.com\/review-policy\/","name":"Review Policy - Play Slots","isPartOf":{"@id":"https:\/\/play--slots.com\/#website"},"primaryImageOfPage":{"@id":"https:\/\/play--slots.com\/review-policy\/#primaryimage"},"image":{"@id":"https:\/\/play--slots.com\/review-policy\/#primaryimage"},"thumbnailUrl":"https:\/\/play--slots.com\/wp-content\/uploads\/review-policy.jpg","datePublished":"2024-03-14T10:57:52+00:00","dateModified":"2024-03-28T13:44:55+00:00","description":"Discover how play\u2013slots.com maintains integrity with unbiased game reviews. From transparent scoring to updated evaluations, trust our credible assessments.","breadcrumb":{"@id":"https:\/\/play--slots.com\/review-policy\/#breadcrumb"},"inLanguage":"pt-PT","potentialAction":[{"@type":"ReadAction","target":["https:\/\/play--slots.com\/review-policy\/"]}]},{"@type":"ImageObject","inLanguage":"pt-PT","@id":"https:\/\/play--slots.com\/review-policy\/#primaryimage","url":"https:\/\/play--slots.com\/wp-content\/uploads\/review-policy.jpg","contentUrl":"https:\/\/play--slots.com\/wp-content\/uploads\/review-policy.jpg","width":840,"height":440},{"@type":"BreadcrumbList","@id":"https:\/\/play--slots.com\/review-policy\/#breadcrumb","itemListElement":[{"@type":"ListItem","position":1,"name":"Home","item":"https:\/\/play--slots.com\/"},{"@type":"ListItem","position":2,"name":"Review Policy"}]},{"@type":"WebSite","@id":"https:\/\/play--slots.com\/#website","url":"https:\/\/play--slots.com\/","name":"Play Slots","description":"Online Slots Reviews","publisher":{"@id":"https:\/\/play--slots.com\/#organization"},"potentialAction":[{"@type":"SearchAction","target":{"@type":"EntryPoint","urlTemplate":"https:\/\/play--slots.com\/?s={search_term_string}"},"query-input":{"@type":"PropertyValueSpecification","valueRequired":true,"valueName":"search_term_string"}}],"inLanguage":"pt-PT"},{"@type":"Organization","@id":"https:\/\/play--slots.com\/#organization","name":"Play Slots","url":"https:\/\/play--slots.com\/","logo":{"@type":"ImageObject","inLanguage":"pt-PT","@id":"https:\/\/play--slots.com\/#\/schema\/logo\/image\/","url":"https:\/\/play--slots.com\/wp-content\/uploads\/default-preview-2.jpeg","contentUrl":"https:\/\/play--slots.com\/wp-content\/uploads\/default-preview-2.jpeg","width":1024,"height":1024,"caption":"Play Slots"},"image":{"@id":"https:\/\/play--slots.com\/#\/schema\/logo\/image\/"}}]}},"amp_enabled":true,"_links":{"self":[{"href":"https:\/\/play--slots.com\/pt\/wp-json\/wp\/v2\/pages\/1382","targetHints":{"allow":["GET"]}}],"collection":[{"href":"https:\/\/play--slots.com\/pt\/wp-json\/wp\/v2\/pages"}],"about":[{"href":"https:\/\/play--slots.com\/pt\/wp-json\/wp\/v2\/types\/page"}],"author":[{"embeddable":true,"href":"https:\/\/play--slots.com\/pt\/wp-json\/wp\/v2\/users\/1"}],"replies":[{"embeddable":true,"href":"https:\/\/play--slots.com\/pt\/wp-json\/wp\/v2\/comments?post=1382"}],"version-history":[{"count":4,"href":"https:\/\/play--slots.com\/pt\/wp-json\/wp\/v2\/pages\/1382\/revisions"}],"predecessor-version":[{"id":3273,"href":"https:\/\/play--slots.com\/pt\/wp-json\/wp\/v2\/pages\/1382\/revisions\/3273"}],"wp:featuredmedia":[{"embeddable":true,"href":"https:\/\/play--slots.com\/pt\/wp-json\/wp\/v2\/media\/3271"}],"wp:attachment":[{"href":"https:\/\/play--slots.com\/pt\/wp-json\/wp\/v2\/media?parent=1382"}],"curies":[{"name":"wp","href":"https:\/\/api.w.org\/{rel}","templated":true}]}}