{"id":1085,"date":"2024-03-13T15:26:16","date_gmt":"2024-03-13T15:26:16","guid":{"rendered":"https:\/\/play--slots.com\/?page_id=1085"},"modified":"2024-03-28T13:50:38","modified_gmt":"2024-03-28T13:50:38","slug":"about-us","status":"publish","type":"page","link":"https:\/\/play--slots.com\/pt\/about-us\/","title":{"rendered":"Sobre n\u00f3s"},"content":{"rendered":"<div class=\"ba4b96ace4c36a683c2ee53617219f48\" data-index=\"1\" style=\"float: none; margin:10px 0 10px 0; text-align:center;\">\n<center>        <div class=\"custom-play-button\">\r\n            <b><a href=\"https:\/\/play--slots.com\/play-game\/\" rel=\"nofollow\" target=\"_blank\">Jogue o jogo agora<\/a><\/b>\r\n        <\/div>\r\n<\/center>\n<\/div>\n<h1>Sobre n\u00f3s<\/h1>\n<p><img loading=\"lazy\" decoding=\"async\" class=\"alignnone size-full wp-image-3234\" src=\"https:\/\/play--slots.com\/wp-content\/uploads\/download.jpeg\" alt=\"Jogue Slots - An\u00e1lises de Slots Online\" title=\"Jogue Slots - An\u00e1lises de Slots Online\" width=\"1280\" height=\"1024\" srcset=\"https:\/\/play--slots.com\/wp-content\/uploads\/download.jpeg 1280w, https:\/\/play--slots.com\/wp-content\/uploads\/download-300x240.jpeg 300w, https:\/\/play--slots.com\/wp-content\/uploads\/download-1024x819.jpeg 1024w, https:\/\/play--slots.com\/wp-content\/uploads\/download-768x614.jpeg 768w\" sizes=\"auto, (max-width: 1280px) 100vw, 1280px\" \/><br \/>\nBem-vindo ao nosso site confi\u00e1vel dedicado ao mundo das m\u00e1quinas ca\u00e7a-n\u00edqueis. Nosso objetivo \u00e9 ajudar voc\u00ea a escolher as melhores m\u00e1quinas ca\u00e7a-n\u00edqueis, fornecendo avalia\u00e7\u00f5es objetivas e imparciais. Nossa miss\u00e3o \u00e9 fornecer informa\u00e7\u00f5es precisas e atualizadas. Os editores do site s\u00e3o profissionais e os textos s\u00e3o revisados regularmente por especialistas. Nos orgulhamos de nossa transpar\u00eancia e do nosso objetivo de fornecer informa\u00e7\u00f5es confi\u00e1veis para que voc\u00ea fa\u00e7a escolhas seguras no mundo dos jogos de azar.<\/p>\n<div class=\"ba4b96ace4c36a683c2ee53617219f48\" data-index=\"1\" style=\"float: none; margin:10px 0 10px 0; text-align:center;\">\n<center>        <div class=\"custom-play-button\">\r\n            <b><a href=\"https:\/\/play--slots.com\/play-game\/\" rel=\"nofollow\" target=\"_blank\">Jogue o jogo agora<\/a><\/b>\r\n        <\/div>\r\n<\/center>\n<\/div>\n\n<div style=\"font-size: 0px; height: 0px; line-height: 0px; margin: 0; padding: 0; clear: both;\"><\/div>","protected":false},"excerpt":{"rendered":"<p>Sobre n\u00f3s Bem-vindo ao nosso site oficial dedicado ao mundo das m\u00e1quinas ca\u00e7a-n\u00edqueis.<\/p>","protected":false},"author":1,"featured_media":3234,"parent":0,"menu_order":0,"comment_status":"closed","ping_status":"closed","template":"","meta":{"_acf_changed":false,"footnotes":""},"class_list":["post-1085","page","type-page","status-publish","has-post-thumbnail","hentry"],"acf":[],"yoast_head":"<!-- This site is optimized with the Yoast SEO plugin v23.9 - https:\/\/yoast.com\/wordpress\/plugins\/seo\/ -->\n<title>About us - Play Slots<\/title>\n<meta name=\"description\" content=\"Discover the ultimate slot machine resource. Get expert reviews, objective insights, and up-to-date information to make confident gambling choices.\" \/>\n<meta name=\"robots\" content=\"index, follow, max-snippet:-1, max-image-preview:large, max-video-preview:-1\" \/>\n<link rel=\"canonical\" href=\"https:\/\/play--slots.com\/pt\/about-us\/\" \/>\n<meta property=\"og:locale\" content=\"pt_PT\" \/>\n<meta property=\"og:type\" content=\"article\" \/>\n<meta property=\"og:title\" content=\"About us - Play Slots\" \/>\n<meta property=\"og:description\" content=\"Discover the ultimate slot machine resource. Get expert reviews, objective insights, and up-to-date information to make confident gambling choices.\" \/>\n<meta property=\"og:url\" content=\"https:\/\/play--slots.com\/pt\/about-us\/\" \/>\n<meta property=\"og:site_name\" content=\"Play Slots\" \/>\n<meta property=\"article:modified_time\" content=\"2024-03-28T13:50:38+00:00\" \/>\n<meta property=\"og:image\" content=\"https:\/\/play--slots.com\/wp-content\/uploads\/download.jpeg\" \/>\n\t<meta property=\"og:image:width\" content=\"1280\" \/>\n\t<meta property=\"og:image:height\" content=\"1024\" \/>\n\t<meta property=\"og:image:type\" content=\"image\/jpeg\" \/>\n<meta name=\"twitter:card\" content=\"summary_large_image\" \/>\n<meta name=\"twitter:label1\" content=\"Tempo estimado de leitura\" \/>\n\t<meta name=\"twitter:data1\" content=\"1 minuto\" \/>\n<script type=\"application\/ld+json\" class=\"yoast-schema-graph\">{\"@context\":\"https:\/\/schema.org\",\"@graph\":[{\"@type\":\"WebPage\",\"@id\":\"https:\/\/play--slots.com\/about-us\/\",\"url\":\"https:\/\/play--slots.com\/about-us\/\",\"name\":\"About us - Play Slots\",\"isPartOf\":{\"@id\":\"https:\/\/play--slots.com\/#website\"},\"primaryImageOfPage\":{\"@id\":\"https:\/\/play--slots.com\/about-us\/#primaryimage\"},\"image\":{\"@id\":\"https:\/\/play--slots.com\/about-us\/#primaryimage\"},\"thumbnailUrl\":\"https:\/\/play--slots.com\/wp-content\/uploads\/download.jpeg\",\"datePublished\":\"2024-03-13T15:26:16+00:00\",\"dateModified\":\"2024-03-28T13:50:38+00:00\",\"description\":\"Discover the ultimate slot machine resource. Get expert reviews, objective insights, and up-to-date information to make confident gambling choices.\",\"breadcrumb\":{\"@id\":\"https:\/\/play--slots.com\/about-us\/#breadcrumb\"},\"inLanguage\":\"pt-PT\",\"potentialAction\":[{\"@type\":\"ReadAction\",\"target\":[\"https:\/\/play--slots.com\/about-us\/\"]}]},{\"@type\":\"ImageObject\",\"inLanguage\":\"pt-PT\",\"@id\":\"https:\/\/play--slots.com\/about-us\/#primaryimage\",\"url\":\"https:\/\/play--slots.com\/wp-content\/uploads\/download.jpeg\",\"contentUrl\":\"https:\/\/play--slots.com\/wp-content\/uploads\/download.jpeg\",\"width\":1280,\"height\":1024},{\"@type\":\"BreadcrumbList\",\"@id\":\"https:\/\/play--slots.com\/about-us\/#breadcrumb\",\"itemListElement\":[{\"@type\":\"ListItem\",\"position\":1,\"name\":\"Home\",\"item\":\"https:\/\/play--slots.com\/\"},{\"@type\":\"ListItem\",\"position\":2,\"name\":\"About us\"}]},{\"@type\":\"WebSite\",\"@id\":\"https:\/\/play--slots.com\/#website\",\"url\":\"https:\/\/play--slots.com\/\",\"name\":\"Play Slots\",\"description\":\"Online Slots Reviews\",\"publisher\":{\"@id\":\"https:\/\/play--slots.com\/#organization\"},\"potentialAction\":[{\"@type\":\"SearchAction\",\"target\":{\"@type\":\"EntryPoint\",\"urlTemplate\":\"https:\/\/play--slots.com\/?s={search_term_string}\"},\"query-input\":{\"@type\":\"PropertyValueSpecification\",\"valueRequired\":true,\"valueName\":\"search_term_string\"}}],\"inLanguage\":\"pt-PT\"},{\"@type\":\"Organization\",\"@id\":\"https:\/\/play--slots.com\/#organization\",\"name\":\"Play Slots\",\"url\":\"https:\/\/play--slots.com\/\",\"logo\":{\"@type\":\"ImageObject\",\"inLanguage\":\"pt-PT\",\"@id\":\"https:\/\/play--slots.com\/#\/schema\/logo\/image\/\",\"url\":\"https:\/\/play--slots.com\/wp-content\/uploads\/default-preview-2.jpeg\",\"contentUrl\":\"https:\/\/play--slots.com\/wp-content\/uploads\/default-preview-2.jpeg\",\"width\":1024,\"height\":1024,\"caption\":\"Play Slots\"},\"image\":{\"@id\":\"https:\/\/play--slots.com\/#\/schema\/logo\/image\/\"}}]}<\/script>\n<!-- \/ Yoast SEO plugin. -->","yoast_head_json":{"title":"About us - Play Slots","description":"Discover the ultimate slot machine resource. Get expert reviews, objective insights, and up-to-date information to make confident gambling choices.","robots":{"index":"index","follow":"follow","max-snippet":"max-snippet:-1","max-image-preview":"max-image-preview:large","max-video-preview":"max-video-preview:-1"},"canonical":"https:\/\/play--slots.com\/pt\/about-us\/","og_locale":"pt_PT","og_type":"article","og_title":"About us - Play Slots","og_description":"Discover the ultimate slot machine resource. Get expert reviews, objective insights, and up-to-date information to make confident gambling choices.","og_url":"https:\/\/play--slots.com\/pt\/about-us\/","og_site_name":"Play Slots","article_modified_time":"2024-03-28T13:50:38+00:00","og_image":[{"width":1280,"height":1024,"url":"https:\/\/play--slots.com\/wp-content\/uploads\/download.jpeg","type":"image\/jpeg"}],"twitter_card":"summary_large_image","twitter_misc":{"Tempo estimado de leitura":"1 minuto"},"schema":{"@context":"https:\/\/schema.org","@graph":[{"@type":"WebPage","@id":"https:\/\/play--slots.com\/about-us\/","url":"https:\/\/play--slots.com\/about-us\/","name":"About us - Play Slots","isPartOf":{"@id":"https:\/\/play--slots.com\/#website"},"primaryImageOfPage":{"@id":"https:\/\/play--slots.com\/about-us\/#primaryimage"},"image":{"@id":"https:\/\/play--slots.com\/about-us\/#primaryimage"},"thumbnailUrl":"https:\/\/play--slots.com\/wp-content\/uploads\/download.jpeg","datePublished":"2024-03-13T15:26:16+00:00","dateModified":"2024-03-28T13:50:38+00:00","description":"Discover the ultimate slot machine resource. Get expert reviews, objective insights, and up-to-date information to make confident gambling choices.","breadcrumb":{"@id":"https:\/\/play--slots.com\/about-us\/#breadcrumb"},"inLanguage":"pt-PT","potentialAction":[{"@type":"ReadAction","target":["https:\/\/play--slots.com\/about-us\/"]}]},{"@type":"ImageObject","inLanguage":"pt-PT","@id":"https:\/\/play--slots.com\/about-us\/#primaryimage","url":"https:\/\/play--slots.com\/wp-content\/uploads\/download.jpeg","contentUrl":"https:\/\/play--slots.com\/wp-content\/uploads\/download.jpeg","width":1280,"height":1024},{"@type":"BreadcrumbList","@id":"https:\/\/play--slots.com\/about-us\/#breadcrumb","itemListElement":[{"@type":"ListItem","position":1,"name":"Home","item":"https:\/\/play--slots.com\/"},{"@type":"ListItem","position":2,"name":"About us"}]},{"@type":"WebSite","@id":"https:\/\/play--slots.com\/#website","url":"https:\/\/play--slots.com\/","name":"Play Slots","description":"Online Slots Reviews","publisher":{"@id":"https:\/\/play--slots.com\/#organization"},"potentialAction":[{"@type":"SearchAction","target":{"@type":"EntryPoint","urlTemplate":"https:\/\/play--slots.com\/?s={search_term_string}"},"query-input":{"@type":"PropertyValueSpecification","valueRequired":true,"valueName":"search_term_string"}}],"inLanguage":"pt-PT"},{"@type":"Organization","@id":"https:\/\/play--slots.com\/#organization","name":"Play Slots","url":"https:\/\/play--slots.com\/","logo":{"@type":"ImageObject","inLanguage":"pt-PT","@id":"https:\/\/play--slots.com\/#\/schema\/logo\/image\/","url":"https:\/\/play--slots.com\/wp-content\/uploads\/default-preview-2.jpeg","contentUrl":"https:\/\/play--slots.com\/wp-content\/uploads\/default-preview-2.jpeg","width":1024,"height":1024,"caption":"Play Slots"},"image":{"@id":"https:\/\/play--slots.com\/#\/schema\/logo\/image\/"}}]}},"amp_enabled":true,"_links":{"self":[{"href":"https:\/\/play--slots.com\/pt\/wp-json\/wp\/v2\/pages\/1085","targetHints":{"allow":["GET"]}}],"collection":[{"href":"https:\/\/play--slots.com\/pt\/wp-json\/wp\/v2\/pages"}],"about":[{"href":"https:\/\/play--slots.com\/pt\/wp-json\/wp\/v2\/types\/page"}],"author":[{"embeddable":true,"href":"https:\/\/play--slots.com\/pt\/wp-json\/wp\/v2\/users\/1"}],"replies":[{"embeddable":true,"href":"https:\/\/play--slots.com\/pt\/wp-json\/wp\/v2\/comments?post=1085"}],"version-history":[{"count":3,"href":"https:\/\/play--slots.com\/pt\/wp-json\/wp\/v2\/pages\/1085\/revisions"}],"predecessor-version":[{"id":3281,"href":"https:\/\/play--slots.com\/pt\/wp-json\/wp\/v2\/pages\/1085\/revisions\/3281"}],"wp:featuredmedia":[{"embeddable":true,"href":"https:\/\/play--slots.com\/pt\/wp-json\/wp\/v2\/media\/3234"}],"wp:attachment":[{"href":"https:\/\/play--slots.com\/pt\/wp-json\/wp\/v2\/media?parent=1085"}],"curies":[{"name":"wp","href":"https:\/\/api.w.org\/{rel}","templated":true}]}}